{"id":214,"date":"2015-07-26T16:33:51","date_gmt":"2015-07-26T19:33:51","guid":{"rendered":"http:\/\/manipura.com.br\/?page_id=214"},"modified":"2019-05-02T12:40:56","modified_gmt":"2019-05-02T15:40:56","slug":"tise","status":"publish","type":"page","link":"https:\/\/manipura.com.br\/it\/tise\/","title":{"rendered":"Tise"},"content":{"rendered":"<section class=\"wpb-content-wrapper\">[vc_row full_width=&#8221;stretch_row&#8221; css=&#8221;.vc_custom_1437958505198{margin-bottom: -30px !important;padding-top: 20px !important;background-color: #ffffff !important;}&#8221;][vc_column]<div class=\"fancy_heading fancy_heading_line\"><div class=\"fh-top\"><\/div><h2 class=\"title\">TISE<\/h2><\/div>\n[\/vc_column][\/vc_row][vc_row full_width=&#8221;stretch_row&#8221; css=&#8221;.vc_custom_1437958445735{background-color: #ffffff !important;}&#8221;][vc_column width=&#8221;1\/3&#8243;][vc_column_text]\n<div class=\"page\" title=\"Page 1\">\n<div class=\"section\">\n<div class=\"layoutArea\">\n<div class=\"column\">\n<p>L\u2019essere umano \u00e9 considerato un piccolo Universo formato dal corpo fisico, mentale, emozionale, energetico e dall\u2019Anima. Non \u00e8 possibile trattare una persona considerando solamente il suo corpo fisico lasciando da parte le sue emozioni, la mente e lo spirito.<\/p>\n<p>\u00c9 necessario lavorare i diversi piani dell&#8217;Essere (fisico, mentale, emozionale, energetico e spirituale) per ricomporre l&#8217;equilibrio e, di conseguenza, il benessere integrale dell&#8217;individuo.<\/p>\n<\/div>\n<\/div>\n<\/div>\n<\/div>\n[\/vc_column_text][\/vc_column][vc_column width=&#8221;1\/3&#8243;][vc_single_image image=&#8221;223&#8243; img_size=&#8221;medium&#8221; alignment=&#8221;center&#8221; css_animation=&#8221;appear&#8221;][\/vc_column][vc_column width=&#8221;1\/3&#8243;][vc_column_text]\n<div class=\"page\" title=\"Page 1\">\n<div class=\"section\">\n<div class=\"layoutArea\">\n<div class=\"column\">\n<p>La TISE (Terapia di Integrazione Somato Emozionale) \u00e9 una terapia con procedimenti semplici e facili, che tratta l\u2019essere umano nella sua totalit\u00e0; non si limita solo ad alleviare il sintomo, ma lo aiuta alla radice del problema.<\/p>\n<p>\u00c9 il risultato di pi\u00f9 di 20 anni di studi ed esperienze in cui, varie tecniche, si integrano per aprire i cammini ad una evoluzione personale e spirituale.<\/p>\n<\/div>\n<\/div>\n<\/div>\n<\/div>\n[\/vc_column_text][\/vc_column][\/vc_row][vc_row full_width=&#8221;stretch_row&#8221; css=&#8221;.vc_custom_1437959395001{margin-top: -40px !important;padding-top: 20px !important;padding-bottom: 20px !important;background-color: #e2e2e2 !important;}&#8221;][vc_column width=&#8221;2\/3&#8243;][vc_column_text]\n<h3 style=\"text-align: center;\">Indicazioni<\/h3>\n[\/vc_column_text][vc_column_text css=&#8221;.vc_custom_1529964037936{margin-top: -20px !important;}&#8221;]La TISE \u00e9 indicata per qualsiasi fascia d&#8217;et\u00e0\u00a0 solo raramente ha controindicazioni. Siccome \u00e9 una terapia energetica e sottile, pu\u00f3 essere applicata a neonati, bambini, anziani e persone in condizioni di fragilit\u00e0 sia fisica che emozionale.<\/p>\n<p>La TISE \u00e9 stata usata con successo per la cura di diverse sindromi moderne:<span style=\"line-height: 1.5;\"><div class=\"column one-second mobile-one\"><div class=\"mcb-column-inner\"><\/span><\/p>\n<ul>\n<li>emicrania<\/li>\n<li>iperattivit\u00e0 mentale<\/li>\n<li>allergie e depressione<\/li>\n<li>panico<\/li>\n<li>coliche e fibromialgia<\/li>\n<li>disturbo bipolare<\/li>\n<\/ul>\n<\/div><\/div>\n<div class=\"column one-second mobile-one\"><div class=\"mcb-column-inner\">\n<ul>\n<li>ipo e ipertiroidismo<\/li>\n<li>fatica cronica<\/li>\n<li>difficolt\u00e0 emozionali<\/li>\n<li>stress<\/li>\n<li>problemi respiratori<\/li>\n<li>altri<\/li>\n<\/ul>\n<\/div><\/div>\n[\/vc_column_text][\/vc_column][vc_column width=&#8221;1\/3&#8243;][vc_single_image image=&#8221;373&#8243; img_size=&#8221;medium&#8221; alignment=&#8221;center&#8221; css_animation=&#8221;top-to-bottom&#8221;][vc_btn title=&#8221;casi&#8221; align=&#8221;center&#8221; i_icon_fontawesome=&#8221;fa fa-comment&#8221; add_icon=&#8221;true&#8221; link=&#8221;url:http%3A%2F%2Fmanipura.com.br%2Fcasos%2F|||&#8221;][\/vc_column][\/vc_row][vc_row full_width=&#8221;stretch_row&#8221; css=&#8221;.vc_custom_1437958583746{margin-top: -40px !important;padding-top: 20px !important;padding-bottom: 20px !important;background-color: #eaeaea !important;}&#8221;][vc_column width=&#8221;1\/2&#8243;][vc_single_image image=&#8221;230&#8243; img_size=&#8221;medium&#8221; alignment=&#8221;center&#8221; css_animation=&#8221;top-to-bottom&#8221;][\/vc_column][vc_column width=&#8221;1\/2&#8243;][vc_column_text]\n<h3 style=\"text-align: center;\">Se volete imparare<\/h3>\n[\/vc_column_text][vc_column_text css=&#8221;.vc_custom_1439393502332{margin-top: -20px !important;}&#8221;]La TISE \u00e9 uno strumento di lavoro terapeutico che la aiuter\u00e0 a interpretare il messaggio dell&#8217;Anima che viene espresso attraverso i sintomi che possono essere dolori, comportamenti, emozioni e altri.<\/p>\n<p>\u00c8 una tecnica che permette all&#8217;allievo di utilizzare le proprie abilit\u00e0 tattili e connettive in un modo intuitivo per la cura e la conoscenza di se stesso.[\/vc_column_text][vc_btn title=&#8221;Guarda l&#8217;agenda dei corsi&#8221; align=&#8221;center&#8221; i_icon_fontawesome=&#8221;fa fa-calendar-o&#8221; add_icon=&#8221;true&#8221; link=&#8221;url:http%3A%2F%2Fmanipura.com.br%2Findex.php%2Fcursos%2F%23agendait|||&#8221;][\/vc_column][\/vc_row]\n<\/section>","protected":false},"excerpt":{"rendered":"<p>[vc_row full_width=&#8221;stretch_row&#8221; css=&#8221;.vc_custom_1437958505198{margin-bottom: -30px !important;padding-top: 20px !important;background-color: #ffffff !important;}&#8221;][vc_column][\/vc_column][\/vc_row][vc_row full_width=&#8221;stretch_row&#8221; css=&#8221;.vc_custom_1437958445735{background-color: #ffffff !important;}&#8221;][vc_column width=&#8221;1\/3&#8243;][vc_column_text] L\u2019essere umano \u00e9 considerato un piccolo Universo formato dal corpo fisico, mentale,<span class=\"excerpt-hellip\"> [\u2026]<\/span><\/p>\n","protected":false},"author":1,"featured_media":0,"parent":0,"menu_order":0,"comment_status":"open","ping_status":"open","template":"","meta":[],"acf":[],"_links":{"self":[{"href":"https:\/\/manipura.com.br\/it\/wp-json\/wp\/v2\/pages\/214"}],"collection":[{"href":"https:\/\/manipura.com.br\/it\/wp-json\/wp\/v2\/pages"}],"about":[{"href":"https:\/\/manipura.com.br\/it\/wp-json\/wp\/v2\/types\/page"}],"author":[{"embeddable":true,"href":"https:\/\/manipura.com.br\/it\/wp-json\/wp\/v2\/users\/1"}],"replies":[{"embeddable":true,"href":"https:\/\/manipura.com.br\/it\/wp-json\/wp\/v2\/comments?post=214"}],"version-history":[{"count":32,"href":"https:\/\/manipura.com.br\/it\/wp-json\/wp\/v2\/pages\/214\/revisions"}],"predecessor-version":[{"id":1666,"href":"https:\/\/manipura.com.br\/it\/wp-json\/wp\/v2\/pages\/214\/revisions\/1666"}],"wp:attachment":[{"href":"https:\/\/manipura.com.br\/it\/wp-json\/wp\/v2\/media?parent=214"}],"curies":[{"name":"wp","href":"https:\/\/api.w.org\/{rel}","templated":true}]}}