{"id":237,"date":"2015-07-26T23:43:34","date_gmt":"2015-07-27T02:43:34","guid":{"rendered":"http:\/\/manipura.com.br\/?page_id=237"},"modified":"2022-11-15T11:12:52","modified_gmt":"2022-11-15T14:12:52","slug":"cursos","status":"publish","type":"page","link":"https:\/\/manipura.com.br\/it\/cursos\/","title":{"rendered":"cursos"},"content":{"rendered":"<section class=\"wpb-content-wrapper\">[vc_row full_width=&#8221;stretch_row&#8221; css=&#8221;.vc_custom_1438099583998{margin-bottom: -30px !important;padding-top: 20px !important;background-color: #ffffff !important;}&#8221;][vc_column]<div class=\"fancy_heading fancy_heading_line\"><div class=\"fh-top\"><\/div><h2 class=\"title\">Corsi, Workshops e Eventi<\/h2><div class=\"inside\">\n<\/div><\/div>\n[\/vc_column][\/vc_row][vc_row full_width=&#8221;stretch_row&#8221; css=&#8221;.vc_custom_1438099591880{background-color: #ffffff !important;}&#8221;][vc_column width=&#8221;1\/2&#8243;][vc_single_image image=&#8221;142&#8243; img_size=&#8221;medium&#8221; alignment=&#8221;center&#8221; css_animation=&#8221;appear&#8221;][\/vc_column][vc_column width=&#8221;1\/2&#8243;][vc_column_text]\n<div class=\"page\" title=\"Page 2\">\n<div class=\"section\">\n<div class=\"layoutArea\">\n<div class=\"column\">\n<div class=\"page\" title=\"Page 2\">\n<div class=\"section\">\n<div class=\"layoutArea\">\n<div class=\"column\">\n<p>Il Centro Manipura \u00e9 la sede della TISE e si occupa di divulgare questa tecnica a sempre pi\u00f9 persone.<\/p>\n<p>A questo fine organizza corsi che favoriscono la crescita spirituale e l\u2019intuizione dei partecipanti, affinch\u00e9 abbiano il cammino aperto e incontrino la propria interiorit\u00e0 diventando cos\u00ec un veicolo di aiuto per il prossimo.<\/p>\n<\/div>\n<\/div>\n<\/div>\n<\/div>\n<\/div>\n<\/div>\n<\/div>\n<\/div>\n[\/vc_column_text][\/vc_column][\/vc_row][vc_row full_width=&#8221;stretch_row&#8221; css=&#8221;.vc_custom_1438101183115{margin-top: -40px !important;padding-top: 10px !important;background-color: #eaeaea !important;}&#8221;][vc_column][vc_column_text]I corsi sono aperti a tutti, oltre che ai professionisti dell\u2019area della salute e ai terapisti in generale e permettono la conoscenza teorica e pratica delle tecniche applicate. Con questo i partecipanti acquisiscono una percezione maggiore del toccare e sviluppano la sensibilit\u00e0 che aiuta l&#8217;apertura dell&#8217;intuizione.<\/p>\n<p>La pratica porta ad una scoperta interiore e, attraverso dei trattamenti, l&#8217;allievo riuscir\u00e0 a lavorare le sue limitazioni comprendendo cos\u00ed un mondo alle volte sconosciuto; come il corpo comunica.\u00a0 Con questa scoperta egli sapr\u00e0 riconoscere il cammino per decodificare i sintomi e superarli.<\/p>\n<p>I nostri corsi non si limitano a trasmettere la conoscenza razionale, ma integrano anche tutti i concetti esposti attraverso la pratica. L&#8217;allievo potr\u00e0 cos\u00ed trasformare la conoscenza in saggezza. Per questo i corsi\u00a0 hanno il 75% di pratica.[\/vc_column_text][vc_row_inner css=&#8221;.vc_custom_1438102018946{margin-right: 10% !important;margin-bottom: 20px !important;margin-left: 10% !important;padding-top: 15px !important;background-color: #ffffff !important;}&#8221; el_class=&#8221;encontros_box&#8221;][vc_column_inner width=&#8221;1\/2&#8243;][vc_column_text]\n<p>Oltre ai corsi, la Manipura organizza incontri tra gli allievi dove i partecipanti hanno la possibilit\u00e0 di condividere esperienze, rimuovere dubbi e scambiarsi trattamenti sotto la supervisione del creatore della TISE e lavoreranno uniti durante la sessione di terapia intensiva per persone esterne che dura 1h30 ogni trattamento.<\/p>\n[\/vc_column_text][\/vc_column_inner][vc_column_inner width=&#8221;1\/2&#8243;][vc_single_image image=&#8221;356&#8243; img_size=&#8221;medium&#8221; alignment=&#8221;center&#8221; style=&#8221;vc_box_rounded&#8221; css_animation=&#8221;appear&#8221;][\/vc_column_inner][\/vc_row_inner][\/vc_column][\/vc_row][vc_row css=&#8221;.vc_custom_1526523254035{background-color: #ffffff !important;}&#8221; el_id=&#8221;agendait&#8221;][vc_column]<div class=\"fancy_heading fancy_heading_line\"><div class=\"fh-top\"><\/div><h2 class=\"title\">Prossimi eventi<\/h2><div class=\"inside\">\n<p>Guarda il calendario dei prossimi corsi, workshops e eventi<\/p>\n<\/div><\/div>\n[vc_basic_grid post_type=&#8221;post&#8221; max_items=&#8221;9&#8243; style=&#8221;pagination&#8221; items_per_page=&#8221;9&#8243; show_filter=&#8221;yes&#8221; order=&#8221;ASC&#8221; filter_style=&#8221;dropdown&#8221; filter_default_title=&#8221;Tutti&#8221; filter_align=&#8221;left&#8221; item=&#8221;859&#8243; filter_source=&#8221;category&#8221; grid_id=&#8221;vc_gid:1527128499052-952c7348-e351-8&#8243; taxonomies=&#8221;6&#8243;][\/vc_column][\/vc_row]\n<\/section>","protected":false},"excerpt":{"rendered":"<p>[vc_row full_width=&#8221;stretch_row&#8221; css=&#8221;.vc_custom_1438099583998{margin-bottom: -30px !important;padding-top: 20px !important;background-color: #ffffff !important;}&#8221;][vc_column][\/vc_column][\/vc_row][vc_row full_width=&#8221;stretch_row&#8221; css=&#8221;.vc_custom_1438099591880{background-color: #ffffff !important;}&#8221;][vc_column width=&#8221;1\/2&#8243;][vc_single_image image=&#8221;142&#8243; img_size=&#8221;medium&#8221; alignment=&#8221;center&#8221; css_animation=&#8221;appear&#8221;][\/vc_column][vc_column width=&#8221;1\/2&#8243;][vc_column_text] Il Centro Manipura \u00e9 la sede della<span class=\"excerpt-hellip\"> [\u2026]<\/span><\/p>\n","protected":false},"author":1,"featured_media":0,"parent":0,"menu_order":0,"comment_status":"open","ping_status":"open","template":"","meta":[],"acf":[],"_links":{"self":[{"href":"https:\/\/manipura.com.br\/it\/wp-json\/wp\/v2\/pages\/237"}],"collection":[{"href":"https:\/\/manipura.com.br\/it\/wp-json\/wp\/v2\/pages"}],"about":[{"href":"https:\/\/manipura.com.br\/it\/wp-json\/wp\/v2\/types\/page"}],"author":[{"embeddable":true,"href":"https:\/\/manipura.com.br\/it\/wp-json\/wp\/v2\/users\/1"}],"replies":[{"embeddable":true,"href":"https:\/\/manipura.com.br\/it\/wp-json\/wp\/v2\/comments?post=237"}],"version-history":[{"count":53,"href":"https:\/\/manipura.com.br\/it\/wp-json\/wp\/v2\/pages\/237\/revisions"}],"predecessor-version":[{"id":1830,"href":"https:\/\/manipura.com.br\/it\/wp-json\/wp\/v2\/pages\/237\/revisions\/1830"}],"wp:attachment":[{"href":"https:\/\/manipura.com.br\/it\/wp-json\/wp\/v2\/media?parent=237"}],"curies":[{"name":"wp","href":"https:\/\/api.w.org\/{rel}","templated":true}]}}