{"id":267,"date":"2015-07-28T21:17:44","date_gmt":"2015-07-29T00:17:44","guid":{"rendered":"http:\/\/manipura.com.br\/index.php\/my-posts\/"},"modified":"2016-01-15T21:53:41","modified_gmt":"2016-01-16T00:53:41","slug":"edicao-de-eventos","status":"publish","type":"page","link":"https:\/\/manipura.com.br\/it\/edicao-de-eventos\/","title":{"rendered":"edicao de eventos"},"content":{"rendered":"<section class=\"wpb-content-wrapper\">[vc_row css=&#8221;.vc_custom_1438215379885{background-color: #eaeaea !important;}&#8221;][vc_column][vc_accordion collapsible=&#8221;&#8221; disable_keyboard=&#8221;&#8221; title=&#8221;Gerenciador de conte\u00fado&#8221; active_tab=&#8221;false&#8221;][vc_accordion_tab title=&#8221;Criar evento&#8221;]\n                <div class='gf_browser_gecko gform_wrapper gform_legacy_markup_wrapper gform-theme--no-framework' data-form-theme='legacy' data-form-index='1' id='gform_wrapper_1' ><div id='gf_1' class='gform_anchor' tabindex='-1'><\/div><form method='post' enctype='multipart\/form-data' target='gform_ajax_frame_1' id='gform_1'  action='\/it\/wp-json\/wp\/v2\/pages\/267#gf_1' data-formid='1' >\n                        <div class='gform-body gform_body'><ul id='gform_fields_1' class='gform_fields top_label form_sublabel_below description_above'><li id=\"field_1_1\"  class=\"gfield gfield--type-post_title gfield_contains_required field_sublabel_below gfield--no-description field_description_above gfield_visibility_visible\"  data-js-reload=\"field_1_1\"><label class='gfield_label gform-field-label' for='input_1_1' >Nome do Evento<span class=\"gfield_required\"><span class=\"gfield_required gfield_required_asterisk\">*<\/span><\/span><\/label><div class='ginput_container ginput_container_post_title'>\n\t\t\t\t\t<input name='input_1' id='input_1_1' type='text' value='' class='large' tabindex='49'  aria-required=\"true\" aria-invalid=\"false\"  \/>\n\t\t\t\t<\/div><\/li><li id=\"field_1_3\"  class=\"gfield gfield--type-post_category gfield--input-type-select gfield_contains_required field_sublabel_below gfield--no-description field_description_above gfield_visibility_visible\"  data-js-reload=\"field_1_3\"><label class='gfield_label gform-field-label' for='input_1_3' >Tipo de evento<span class=\"gfield_required\"><span class=\"gfield_required gfield_required_asterisk\">*<\/span><\/span><\/label><div class='ginput_container ginput_container_select'><select name='input_3' id='input_1_3' class='medium gfield_select' tabindex='50'   aria-required=\"true\" aria-invalid=\"false\" ><option value='12' >Brasile<\/option><\/select><\/div><\/li><li id=\"field_1_2\"  class=\"gfield gfield--type-post_content gfield_contains_required field_sublabel_below gfield--has-description field_description_above gfield_visibility_visible\"  data-js-reload=\"field_1_2\"><label class='gfield_label gform-field-label' for='input_1_2' >Descri\u00e7\u00e3o<span class=\"gfield_required\"><span class=\"gfield_required gfield_required_asterisk\">*<\/span><\/span><\/label><div class='gfield_description' id='gfield_description_1_2'>Entre com uma descri\u00e7\u00e3o b\u00e1sica. Ela pode ser mais elaborada e editada depois (inclusive com inser\u00e7\u00e3o de imagens)<\/div><div class='ginput_container ginput_container_textarea'><textarea name='input_2' id='input_1_2' class='textarea medium' tabindex='51' aria-describedby=\"gfield_description_1_2\"   aria-required=\"true\" aria-invalid=\"false\"   rows='10' cols='50'><\/textarea><\/div><\/li><li id=\"field_1_4\"  class=\"gfield gfield--type-post_image field_sublabel_below gfield--no-description field_description_above gfield_visibility_visible\"  data-js-reload=\"field_1_4\"><label class='gfield_label gform-field-label' for='input_1_4' >Imagem ilustrativa<\/label><div class='ginput_complex ginput_container ginput_container_post_image gform-grid-row'><span class='ginput_full gform-grid-col'><input name='input_4' id='input_1_4' type='file' class='medium' tabindex='52'  aria-invalid=\"false\" aria-describedby=\"extensions_message_1_4\" \/><span id='extensions_message_1_4' class='gfield_description gform_fileupload_rules'>Tipi di file accettati: jpg, jpeg, png, gif.<\/span><\/span><\/div><\/li><li id=\"field_1_6\"  class=\"gfield gfield--type-post_custom_field gfield--input-type-date gfield--input-type-datepicker gfield--datepicker-default-icon gfield_contains_required field_sublabel_below gfield--has-description field_description_above gfield_visibility_visible\"  data-js-reload=\"field_1_6\"><label class='gfield_label gform-field-label' for='input_1_6' >Data<span class=\"gfield_required\"><span class=\"gfield_required gfield_required_asterisk\">*<\/span><\/span><\/label><div class='gfield_description' id='gfield_description_1_6'>Insira a data do Evento (formato: mes, dia - ano)<\/div><div class='ginput_container ginput_container_date'>\n                            <input name='input_6' id='input_1_6' type='text' value='' class='datepicker gform-datepicker dmy datepicker_with_icon gdatepicker_with_icon' tabindex='57'  placeholder='gg\/mm\/aaaa' aria-describedby=\"input_1_6_date_format gfield_description_1_6\" aria-invalid=\"false\" aria-required=\"true\"\/>\n                            <span id='input_1_6_date_format' class='screen-reader-text'>GG slash MM slash AAAA<\/span>\n                        <\/div>\n                        <input type='hidden' id='gforms_calendar_icon_input_1_6' class='gform_hidden' value='https:\/\/manipura.com.br\/wp-content\/plugins\/gravityforms\/images\/datepicker\/datepicker.svg'\/><\/li><li id=\"field_1_7\"  class=\"gfield gfield--type-post_custom_field gfield--input-type-text field_sublabel_below gfield--has-description field_description_above gfield_visibility_visible\"  data-js-reload=\"field_1_7\"><label class='gfield_label gform-field-label' for='input_1_7' >Informa\u00e7\u00e3o adicional<\/label><div class='gfield_description' id='gfield_description_1_7'>Aparece abaixo do resumo do curso, e no 'post it' ao lado da descri\u00e7\u00e3o na pagina principal.<\/div><div class='ginput_container ginput_container_text'><input name='input_7' id='input_1_7' type='text' value='' class='medium' maxlength='40' aria-describedby=\"gfield_description_1_7\" tabindex='58'   aria-invalid=\"false\"   \/> <\/div><\/li><li id=\"field_1_8\"  class=\"gfield gfield--type-post_custom_field gfield--input-type-textarea field_sublabel_below gfield--has-description field_description_above gfield_visibility_visible\"  data-js-reload=\"field_1_8\"><label class='gfield_label gform-field-label' for='input_1_8' >Local<\/label><div class='gfield_description' id='gfield_description_1_8'>Insira texto com o local do evento<\/div><div class='ginput_container ginput_container_textarea'><textarea name='input_8' id='input_1_8' class='textarea small' tabindex='59' aria-describedby=\"gfield_description_1_8\"    aria-invalid=\"false\"   rows='10' cols='50'><\/textarea><\/div><\/li><li id=\"field_1_9\"  class=\"gfield gfield--type-post_custom_field gfield--input-type-text field_sublabel_below gfield--has-description field_description_above gfield_visibility_visible\"  data-js-reload=\"field_1_9\"><label class='gfield_label gform-field-label' for='input_1_9' >Mapa<\/label><div class='gfield_description' id='gfield_description_1_9'>Insira um endere\u00e7o para ser encontrado pelo GoogleMaps<\/div><div class='ginput_container ginput_container_text'><input name='input_9' id='input_1_9' type='text' value='' class='medium'  aria-describedby=\"gfield_description_1_9\" tabindex='60'   aria-invalid=\"false\"   \/> <\/div><\/li><\/ul><\/div>\n        <div class='gform_footer top_label'> <input type='submit' id='gform_submit_button_1' class='gform_button button' value='Criar' tabindex='61' onclick='if(window[\"gf_submitting_1\"]){return false;}  window[\"gf_submitting_1\"]=true;  ' onkeypress='if( event.keyCode == 13 ){ if(window[\"gf_submitting_1\"]){return false;} window[\"gf_submitting_1\"]=true;  jQuery(\"#gform_1\").trigger(\"submit\",[true]); }' \/> <input type='hidden' name='gform_ajax' value='form_id=1&amp;title=&amp;description=&amp;tabindex=49' \/>\n            <input type='hidden' class='gform_hidden' name='is_submit_1' value='1' \/>\n            <input type='hidden' class='gform_hidden' name='gform_submit' value='1' \/>\n            \n            <input type='hidden' class='gform_hidden' name='gform_unique_id' value='' \/>\n            <input type='hidden' class='gform_hidden' name='state_1' value='WyJbXSIsImFmOTg5YmIxOTVmYWIwZWJmMDRlYTY1YTUzMTE3ZmI1Il0=' \/>\n            <input type='hidden' class='gform_hidden' name='gform_target_page_number_1' id='gform_target_page_number_1' value='0' \/>\n            <input type='hidden' class='gform_hidden' name='gform_source_page_number_1' id='gform_source_page_number_1' value='1' \/>\n            <input type='hidden' name='gform_field_values' value='' \/>\n            \n        <\/div>\n                        <p style=\"display: none !important;\" class=\"akismet-fields-container\" data-prefix=\"ak_\"><label>&#916;<textarea name=\"ak_hp_textarea\" cols=\"45\" rows=\"8\" maxlength=\"100\"><\/textarea><\/label><input type=\"hidden\" id=\"ak_js_2\" name=\"ak_js\" value=\"22\"\/><script>document.getElementById( \"ak_js_2\" ).setAttribute( \"value\", ( new Date() ).getTime() );<\/script><\/p><\/form>\n                        <\/div>\n\t\t                <iframe style='display:none;width:0px;height:0px;' src='about:blank' name='gform_ajax_frame_1' id='gform_ajax_frame_1' title='Questo iframe contiene la logica necessaria per gestire Gravity Forms con Ajax.'><\/iframe>\n\t\t                <script type=\"text\/javascript\">\ngform.initializeOnLoaded( function() {gformInitSpinner( 1, 'https:\/\/manipura.com.br\/wp-content\/plugins\/gravityforms\/images\/spinner.svg', true );jQuery('#gform_ajax_frame_1').on('load',function(){var contents = jQuery(this).contents().find('*').html();var is_postback = contents.indexOf('GF_AJAX_POSTBACK') >= 0;if(!is_postback){return;}var form_content = jQuery(this).contents().find('#gform_wrapper_1');var is_confirmation = jQuery(this).contents().find('#gform_confirmation_wrapper_1').length > 0;var is_redirect = contents.indexOf('gformRedirect(){') >= 0;var is_form = form_content.length > 0 && ! is_redirect && ! is_confirmation;var mt = parseInt(jQuery('html').css('margin-top'), 10) + parseInt(jQuery('body').css('margin-top'), 10) + 100;if(is_form){jQuery('#gform_wrapper_1').html(form_content.html());if(form_content.hasClass('gform_validation_error')){jQuery('#gform_wrapper_1').addClass('gform_validation_error');} else {jQuery('#gform_wrapper_1').removeClass('gform_validation_error');}setTimeout( function() { \/* delay the scroll by 50 milliseconds to fix a bug in chrome *\/ jQuery(document).scrollTop(jQuery('#gform_wrapper_1').offset().top - mt); }, 50 );if(window['gformInitDatepicker']) {gformInitDatepicker();}if(window['gformInitPriceFields']) {gformInitPriceFields();}var current_page = jQuery('#gform_source_page_number_1').val();gformInitSpinner( 1, 'https:\/\/manipura.com.br\/wp-content\/plugins\/gravityforms\/images\/spinner.svg', true );jQuery(document).trigger('gform_page_loaded', [1, current_page]);window['gf_submitting_1'] = false;}else if(!is_redirect){var confirmation_content = jQuery(this).contents().find('.GF_AJAX_POSTBACK').html();if(!confirmation_content){confirmation_content = contents;}setTimeout(function(){jQuery('#gform_wrapper_1').replaceWith(confirmation_content);jQuery(document).scrollTop(jQuery('#gf_1').offset().top - mt);jQuery(document).trigger('gform_confirmation_loaded', [1]);window['gf_submitting_1'] = false;wp.a11y.speak(jQuery('#gform_confirmation_message_1').text());}, 50);}else{jQuery('#gform_1').append(contents);if(window['gformRedirect']) {gformRedirect();}}jQuery(document).trigger('gform_post_render', [1, current_page]);} );} );\n<\/script>\n[\/vc_accordion_tab][\/vc_accordion][vc_column_text][frontier-post][\/vc_column_text][\/vc_column][\/vc_row][vc_row full_width=&#8221;&#8221; parallax=&#8221;&#8221; parallax_image=&#8221;&#8221;][vc_column width=&#8221;1\/1&#8243;][\/vc_column][\/vc_row]\n<\/section>","protected":false},"excerpt":{"rendered":"<p>[vc_row css=&#8221;.vc_custom_1438215379885{background-color: #eaeaea !important;}&#8221;][vc_column][vc_accordion collapsible=&#8221;&#8221; disable_keyboard=&#8221;&#8221; title=&#8221;Gerenciador de conte\u00fado&#8221; active_tab=&#8221;false&#8221;][vc_accordion_tab title=&#8221;Criar evento&#8221;][\/vc_accordion_tab][\/vc_accordion][vc_column_text][frontier-post][\/vc_column_text][\/vc_column][\/vc_row][vc_row full_width=&#8221;&#8221; parallax=&#8221;&#8221; parallax_image=&#8221;&#8221;][vc_column width=&#8221;1\/1&#8243;][\/vc_column][\/vc_row]<\/p>\n","protected":false},"author":1,"featured_media":0,"parent":0,"menu_order":0,"comment_status":"closed","ping_status":"closed","template":"","meta":[],"acf":[],"_links":{"self":[{"href":"https:\/\/manipura.com.br\/it\/wp-json\/wp\/v2\/pages\/267"}],"collection":[{"href":"https:\/\/manipura.com.br\/it\/wp-json\/wp\/v2\/pages"}],"about":[{"href":"https:\/\/manipura.com.br\/it\/wp-json\/wp\/v2\/types\/page"}],"author":[{"embeddable":true,"href":"https:\/\/manipura.com.br\/it\/wp-json\/wp\/v2\/users\/1"}],"replies":[{"embeddable":true,"href":"https:\/\/manipura.com.br\/it\/wp-json\/wp\/v2\/comments?post=267"}],"version-history":[{"count":11,"href":"https:\/\/manipura.com.br\/it\/wp-json\/wp\/v2\/pages\/267\/revisions"}],"predecessor-version":[{"id":810,"href":"https:\/\/manipura.com.br\/it\/wp-json\/wp\/v2\/pages\/267\/revisions\/810"}],"wp:attachment":[{"href":"https:\/\/manipura.com.br\/it\/wp-json\/wp\/v2\/media?parent=267"}],"curies":[{"name":"wp","href":"https:\/\/api.w.org\/{rel}","templated":true}]}}